{"id":233,"date":"2025-10-23T17:52:38","date_gmt":"2025-10-23T17:52:38","guid":{"rendered":"https:\/\/firmen-beratung.eu\/?page_id=233"},"modified":"2025-10-26T15:13:40","modified_gmt":"2025-10-26T15:13:40","slug":"einburgerung","status":"publish","type":"page","link":"https:\/\/firmen-beratung.eu\/index.php\/einburgerung\/","title":{"rendered":"Einburgerung"},"content":{"rendered":"\n\n\n\n\n\n","protected":false},"excerpt":{"rendered":"","protected":false},"author":1,"featured_media":0,"parent":0,"menu_order":0,"comment_status":"closed","ping_status":"closed","template":"page-einburgerung-template","meta":{"saved_in_kubio":true,"footnotes":""},"class_list":["post-233","page","type-page","status-publish","hentry"],"kubio_ai_page_context":{"short_desc":"","purpose":"general"},"yoast_head":"<!-- This site is optimized with the Yoast SEO Premium plugin v26.2 (Yoast SEO v26.2) - https:\/\/yoast.com\/wordpress\/plugins\/seo\/ -->\n<title>Einburgerung - Firmen-Beratung<\/title>\n<meta name=\"robots\" content=\"index, follow, max-snippet:-1, max-image-preview:large, max-video-preview:-1\" \/>\n<link rel=\"canonical\" href=\"https:\/\/firmen-beratung.eu\/index.php\/einburgerung\/\" \/>\n<meta property=\"og:locale\" content=\"de_DE\" \/>\n<meta property=\"og:type\" content=\"article\" \/>\n<meta property=\"og:title\" content=\"Einburgerung\" \/>\n<meta property=\"og:url\" content=\"https:\/\/firmen-beratung.eu\/index.php\/einburgerung\/\" \/>\n<meta property=\"og:site_name\" content=\"Firmen-Beratung\" \/>\n<meta property=\"article:publisher\" content=\"https:\/\/www.facebook.com\/profile.php?id=61582730654619\" \/>\n<meta property=\"article:modified_time\" content=\"2025-10-26T15:13:40+00:00\" \/>\n<meta name=\"twitter:card\" content=\"summary_large_image\" \/>\n<meta name=\"twitter:label1\" content=\"Gesch\u00e4tzte Lesezeit\" \/>\n\t<meta name=\"twitter:data1\" content=\"5\u00a0Minuten\" \/>\n<script type=\"application\/ld+json\" class=\"yoast-schema-graph\">{\"@context\":\"https:\/\/schema.org\",\"@graph\":[{\"@type\":\"WebPage\",\"@id\":\"https:\/\/firmen-beratung.eu\/index.php\/einburgerung\/\",\"url\":\"https:\/\/firmen-beratung.eu\/index.php\/einburgerung\/\",\"name\":\"Einburgerung - Firmen-Beratung\",\"isPartOf\":{\"@id\":\"https:\/\/firmen-beratung.eu\/#website\"},\"datePublished\":\"2025-10-23T17:52:38+00:00\",\"dateModified\":\"2025-10-26T15:13:40+00:00\",\"breadcrumb\":{\"@id\":\"https:\/\/firmen-beratung.eu\/index.php\/einburgerung\/#breadcrumb\"},\"inLanguage\":\"de\",\"potentialAction\":[{\"@type\":\"ReadAction\",\"target\":[\"https:\/\/firmen-beratung.eu\/index.php\/einburgerung\/\"]}]},{\"@type\":\"BreadcrumbList\",\"@id\":\"https:\/\/firmen-beratung.eu\/index.php\/einburgerung\/#breadcrumb\",\"itemListElement\":[{\"@type\":\"ListItem\",\"position\":1,\"name\":\"Startseite\",\"item\":\"https:\/\/firmen-beratung.eu\/\"},{\"@type\":\"ListItem\",\"position\":2,\"name\":\"Einburgerung\"}]},{\"@type\":\"WebSite\",\"@id\":\"https:\/\/firmen-beratung.eu\/#website\",\"url\":\"https:\/\/firmen-beratung.eu\/\",\"name\":\"Firmen-Beratung\",\"description\":\"Mobilit\u00e4t. Qualit\u00e4t. Sicherheit.\",\"publisher\":{\"@id\":\"https:\/\/firmen-beratung.eu\/#organization\"},\"potentialAction\":[{\"@type\":\"SearchAction\",\"target\":{\"@type\":\"EntryPoint\",\"urlTemplate\":\"https:\/\/firmen-beratung.eu\/?s={search_term_string}\"},\"query-input\":{\"@type\":\"PropertyValueSpecification\",\"valueRequired\":true,\"valueName\":\"search_term_string\"}}],\"inLanguage\":\"de\"},{\"@type\":[\"Organization\",\"Place\"],\"@id\":\"https:\/\/firmen-beratung.eu\/#organization\",\"name\":\"Firmen Beratung\",\"url\":\"https:\/\/firmen-beratung.eu\/\",\"logo\":{\"@id\":\"https:\/\/firmen-beratung.eu\/index.php\/einburgerung\/#local-main-organization-logo\"},\"image\":{\"@id\":\"https:\/\/firmen-beratung.eu\/index.php\/einburgerung\/#local-main-organization-logo\"},\"sameAs\":[\"https:\/\/www.facebook.com\/profile.php?id=61582730654619\",\"https:\/\/www.linkedin.com\/in\/savin-vaic-795a4b390\/\",\"https:\/\/www.instagram.com\/firmen_beratung\/\"],\"description\":\"Bei Firmen-Beratung d.o.o. setzen wir uns daf\u00fcr ein, Ihnen zu helfen, Ihren Traum vom kroatischen Aufenthalt f\u00fcr die gesamte Familie und GmbH zu verwirklichen. Sie k\u00f6nnen auch Familie nach Kroatien bringen, ohne eine GmbH in Kroatien zu gr\u00fcnden.\",\"telephone\":[],\"openingHoursSpecification\":[{\"@type\":\"OpeningHoursSpecification\",\"dayOfWeek\":[\"Sunday\",\"Monday\",\"Tuesday\",\"Wednesday\",\"Thursday\",\"Friday\",\"Saturday\"],\"opens\":\"09:00\",\"closes\":\"17:00\"}]},{\"@type\":\"ImageObject\",\"inLanguage\":\"de\",\"@id\":\"https:\/\/firmen-beratung.eu\/index.php\/einburgerung\/#local-main-organization-logo\",\"url\":\"https:\/\/firmen-beratung.eu\/wp-content\/uploads\/2025\/11\/Logo2.png\",\"contentUrl\":\"https:\/\/firmen-beratung.eu\/wp-content\/uploads\/2025\/11\/Logo2.png\",\"width\":500,\"height\":500,\"caption\":\"Firmen Beratung\"}]}<\/script>\n<!-- \/ Yoast SEO Premium plugin. -->","yoast_head_json":{"title":"Einburgerung - Firmen-Beratung","robots":{"index":"index","follow":"follow","max-snippet":"max-snippet:-1","max-image-preview":"max-image-preview:large","max-video-preview":"max-video-preview:-1"},"canonical":"https:\/\/firmen-beratung.eu\/index.php\/einburgerung\/","og_locale":"de_DE","og_type":"article","og_title":"Einburgerung","og_url":"https:\/\/firmen-beratung.eu\/index.php\/einburgerung\/","og_site_name":"Firmen-Beratung","article_publisher":"https:\/\/www.facebook.com\/profile.php?id=61582730654619","article_modified_time":"2025-10-26T15:13:40+00:00","twitter_card":"summary_large_image","twitter_misc":{"Gesch\u00e4tzte Lesezeit":"5\u00a0Minuten"},"schema":{"@context":"https:\/\/schema.org","@graph":[{"@type":"WebPage","@id":"https:\/\/firmen-beratung.eu\/index.php\/einburgerung\/","url":"https:\/\/firmen-beratung.eu\/index.php\/einburgerung\/","name":"Einburgerung - Firmen-Beratung","isPartOf":{"@id":"https:\/\/firmen-beratung.eu\/#website"},"datePublished":"2025-10-23T17:52:38+00:00","dateModified":"2025-10-26T15:13:40+00:00","breadcrumb":{"@id":"https:\/\/firmen-beratung.eu\/index.php\/einburgerung\/#breadcrumb"},"inLanguage":"de","potentialAction":[{"@type":"ReadAction","target":["https:\/\/firmen-beratung.eu\/index.php\/einburgerung\/"]}]},{"@type":"BreadcrumbList","@id":"https:\/\/firmen-beratung.eu\/index.php\/einburgerung\/#breadcrumb","itemListElement":[{"@type":"ListItem","position":1,"name":"Startseite","item":"https:\/\/firmen-beratung.eu\/"},{"@type":"ListItem","position":2,"name":"Einburgerung"}]},{"@type":"WebSite","@id":"https:\/\/firmen-beratung.eu\/#website","url":"https:\/\/firmen-beratung.eu\/","name":"Firmen-Beratung","description":"Mobilit\u00e4t. Qualit\u00e4t. Sicherheit.","publisher":{"@id":"https:\/\/firmen-beratung.eu\/#organization"},"potentialAction":[{"@type":"SearchAction","target":{"@type":"EntryPoint","urlTemplate":"https:\/\/firmen-beratung.eu\/?s={search_term_string}"},"query-input":{"@type":"PropertyValueSpecification","valueRequired":true,"valueName":"search_term_string"}}],"inLanguage":"de"},{"@type":["Organization","Place"],"@id":"https:\/\/firmen-beratung.eu\/#organization","name":"Firmen Beratung","url":"https:\/\/firmen-beratung.eu\/","logo":{"@id":"https:\/\/firmen-beratung.eu\/index.php\/einburgerung\/#local-main-organization-logo"},"image":{"@id":"https:\/\/firmen-beratung.eu\/index.php\/einburgerung\/#local-main-organization-logo"},"sameAs":["https:\/\/www.facebook.com\/profile.php?id=61582730654619","https:\/\/www.linkedin.com\/in\/savin-vaic-795a4b390\/","https:\/\/www.instagram.com\/firmen_beratung\/"],"description":"Bei Firmen-Beratung d.o.o. setzen wir uns daf\u00fcr ein, Ihnen zu helfen, Ihren Traum vom kroatischen Aufenthalt f\u00fcr die gesamte Familie und GmbH zu verwirklichen. Sie k\u00f6nnen auch Familie nach Kroatien bringen, ohne eine GmbH in Kroatien zu gr\u00fcnden.","telephone":[],"openingHoursSpecification":[{"@type":"OpeningHoursSpecification","dayOfWeek":["Sunday","Monday","Tuesday","Wednesday","Thursday","Friday","Saturday"],"opens":"09:00","closes":"17:00"}]},{"@type":"ImageObject","inLanguage":"de","@id":"https:\/\/firmen-beratung.eu\/index.php\/einburgerung\/#local-main-organization-logo","url":"https:\/\/firmen-beratung.eu\/wp-content\/uploads\/2025\/11\/Logo2.png","contentUrl":"https:\/\/firmen-beratung.eu\/wp-content\/uploads\/2025\/11\/Logo2.png","width":500,"height":500,"caption":"Firmen Beratung"}]}},"_links":{"self":[{"href":"https:\/\/firmen-beratung.eu\/index.php\/wp-json\/wp\/v2\/pages\/233","targetHints":{"allow":["GET"]}}],"collection":[{"href":"https:\/\/firmen-beratung.eu\/index.php\/wp-json\/wp\/v2\/pages"}],"about":[{"href":"https:\/\/firmen-beratung.eu\/index.php\/wp-json\/wp\/v2\/types\/page"}],"author":[{"embeddable":true,"href":"https:\/\/firmen-beratung.eu\/index.php\/wp-json\/wp\/v2\/users\/1"}],"replies":[{"embeddable":true,"href":"https:\/\/firmen-beratung.eu\/index.php\/wp-json\/wp\/v2\/comments?post=233"}],"version-history":[{"count":17,"href":"https:\/\/firmen-beratung.eu\/index.php\/wp-json\/wp\/v2\/pages\/233\/revisions"}],"predecessor-version":[{"id":341,"href":"https:\/\/firmen-beratung.eu\/index.php\/wp-json\/wp\/v2\/pages\/233\/revisions\/341"}],"wp:attachment":[{"href":"https:\/\/firmen-beratung.eu\/index.php\/wp-json\/wp\/v2\/media?parent=233"}],"curies":[{"name":"wp","href":"https:\/\/api.w.org\/{rel}","templated":true}]}}